{"id":19,"date":"2010-08-10T15:34:36","date_gmt":"2010-08-10T15:34:36","guid":{"rendered":"http:\/\/nas\/wordpress\/?page_id=19"},"modified":"2012-04-27T07:50:47","modified_gmt":"2012-04-27T07:50:47","slug":"rutt","status":"publish","type":"page","link":"https:\/\/afrika.ontheroadagain.se\/?page_id=19","title":{"rendered":"Rutt"},"content":{"rendered":"<p>Med det r\u00e5dande l\u00e4get i Syrien ser det nu ut som att vi kommer skeppa bilen fr\u00e5n G\u00f6teborg ner till Alexandria medan vi f\u00e5r ta flyget ner dit. Med ord kommer vi att g\u00f6ra entr\u00e9 i Afrika i Egypten och i princip ta vid d\u00e4r Mats och Erik slutade f\u00f6rra g\u00e5ngen &#8211; on the road again!<\/p>\n<p>Efter Egypten planerar vi att ta oss vidare genom Sudan. Forts\u00e4tta ner p\u00e5 den \u00f6stra sidan &#8211; Etiopien, Kenya och Tanzania \u00e4r l\u00e4nder vi kan komma passera. \u00d6ver till Namibia via Zambia innan vi kommer till slutdestinationen Sydafrika och Kapstaden. D\u00e4r f\u00e5r bilen \u00e5ka b\u00e5t hem medan vi andra tar flyget till Sverige.<\/p>\n<p><a href=\"http:\/\/afrika.ontheroadagain.se\/wp-content\/uploads\/2010\/08\/rutter.jpg\"><img decoding=\"async\" loading=\"lazy\" class=\"alignnone size-large wp-image-335\" style=\"border-image: initial; border-width: 5px; border-color: black; border-style: solid;\" title=\"emeaMap\" src=\"http:\/\/afrika.ontheroadagain.se\/wp-content\/uploads\/2010\/08\/rutter-805x1024.jpg\" alt=\"\" width=\"805\" height=\"1024\" srcset=\"https:\/\/afrika.ontheroadagain.se\/wp-content\/uploads\/2010\/08\/rutter-805x1024.jpg 805w, https:\/\/afrika.ontheroadagain.se\/wp-content\/uploads\/2010\/08\/rutter-235x300.jpg 235w\" sizes=\"(max-width: 805px) 100vw, 805px\" \/><\/a><\/p>\n","protected":false},"excerpt":{"rendered":"<p>Med det r\u00e5dande l\u00e4get i Syrien ser det nu ut som att vi kommer skeppa bilen fr\u00e5n G\u00f6teborg ner till Alexandria medan vi f\u00e5r ta flyget ner dit. Med ord kommer vi att g\u00f6ra entr\u00e9 i Afrika i Egypten och i princip ta vid d\u00e4r Mats och Erik slutade f\u00f6rra g\u00e5ngen &#8211; on the road [&hellip;]<\/p>\n","protected":false},"author":1,"featured_media":0,"parent":0,"menu_order":3,"comment_status":"closed","ping_status":"closed","template":"omoss.php","meta":[],"_links":{"self":[{"href":"https:\/\/afrika.ontheroadagain.se\/index.php?rest_route=\/wp\/v2\/pages\/19"}],"collection":[{"href":"https:\/\/afrika.ontheroadagain.se\/index.php?rest_route=\/wp\/v2\/pages"}],"about":[{"href":"https:\/\/afrika.ontheroadagain.se\/index.php?rest_route=\/wp\/v2\/types\/page"}],"author":[{"embeddable":true,"href":"https:\/\/afrika.ontheroadagain.se\/index.php?rest_route=\/wp\/v2\/users\/1"}],"replies":[{"embeddable":true,"href":"https:\/\/afrika.ontheroadagain.se\/index.php?rest_route=%2Fwp%2Fv2%2Fcomments&post=19"}],"version-history":[{"count":4,"href":"https:\/\/afrika.ontheroadagain.se\/index.php?rest_route=\/wp\/v2\/pages\/19\/revisions"}],"predecessor-version":[{"id":342,"href":"https:\/\/afrika.ontheroadagain.se\/index.php?rest_route=\/wp\/v2\/pages\/19\/revisions\/342"}],"wp:attachment":[{"href":"https:\/\/afrika.ontheroadagain.se\/index.php?rest_route=%2Fwp%2Fv2%2Fmedia&parent=19"}],"curies":[{"name":"wp","href":"https:\/\/api.w.org\/{rel}","templated":true}]}}