{"id":29,"date":"2011-02-13T16:59:17","date_gmt":"2011-02-13T16:59:17","guid":{"rendered":"http:\/\/nas\/wordpress\/?page_id=29"},"modified":"2012-05-21T14:24:38","modified_gmt":"2012-05-21T14:24:38","slug":"om-oss","status":"publish","type":"page","link":"https:\/\/afrika.ontheroadagain.se\/?page_id=29","title":{"rendered":"Om oss"},"content":{"rendered":"<p>&nbsp;<\/p>\n<p><strong>Dr\u00f6mmen<\/strong> om Afrika b\u00f6rjade ta form en av m\u00e5nga kv\u00e4llar p\u00e5 en balkong i Lund, d\u00e4r barndomsv\u00e4nnerna Mats och Erik f\u00f6r tillf\u00e4llet studerade. Det \u00e4r nu n\u00e5gra \u00e5r sen dess och de tv\u00e5 v\u00e4nnerna har p\u00e5 v\u00e4gen lyckats flytta hem till Stockholm och g\u00f6ra ett f\u00f6rs\u00f6k att bila ner till Kapstaden (2009), men d\u00e5 kom de endast till Jordanien pga av bilproblem och tr\u00e5kig byr\u00e5krati. Den g\u00e5ngen var inte flickv\u00e4nnerna Sandra (som kilar stadigt med Mats) och Malin (Eriks b\u00e4ttre h\u00e4lft) med. Tjejerna tog del av dr\u00f6mmen att k\u00f6ra en Land Rover Defender fr\u00e5n Stockholm till Kapstaden och ska nu se till att killarna inte g\u00e5r samma \u00f6de till m\u00f6tes som sist&#8230;<strong><\/strong><\/p>\n<p>&nbsp;<\/p>\n<p><a href=\"http:\/\/afrika.ontheroadagain.se\/wp-content\/uploads\/2011\/02\/IMGP2703.jpg\"><img decoding=\"async\" loading=\"lazy\" class=\"alignleft  wp-image-123\" style=\"margin-left: 10px; margin-right: 10px; border-image: initial; border-width: 5px; border-color: black; border-style: solid;\" title=\"Mats, 30\" src=\"http:\/\/afrika.ontheroadagain.se\/wp-content\/uploads\/2011\/02\/IMGP2703.jpg\" alt=\"\" width=\"300\" height=\"199\" srcset=\"https:\/\/afrika.ontheroadagain.se\/wp-content\/uploads\/2011\/02\/IMGP2703.jpg 3008w, https:\/\/afrika.ontheroadagain.se\/wp-content\/uploads\/2011\/02\/IMGP2703-300x199.jpg 300w, https:\/\/afrika.ontheroadagain.se\/wp-content\/uploads\/2011\/02\/IMGP2703-1024x680.jpg 1024w, https:\/\/afrika.ontheroadagain.se\/wp-content\/uploads\/2011\/02\/IMGP2703-451x300.jpg 451w\" sizes=\"(max-width: 300px) 100vw, 300px\" \/><\/a><\/p>\n<p><strong>Mats Egardt<\/strong>\u00a0\u00e4r IT-konsulten som har \u00e4gt lika m\u00e5nga bilar som han \u00e4r gammal (om man nu kan avrunda 30 ner till 27), med andra ord v\u00e5r chefsmekaniker p\u00e5 resan. Tr\u00e4ffade Sandra i hoppborgen p\u00e5 en KTH-fest.<\/p>\n<p>&nbsp;<\/p>\n<p>&nbsp;<\/p>\n<p>&nbsp;<\/p>\n<p>&nbsp;<\/p>\n<p>&nbsp;<\/p>\n<p>&nbsp;<\/p>\n<p><strong><a href=\"http:\/\/afrika.ontheroadagain.se\/wp-content\/uploads\/2011\/02\/IMGP2713.jpg\"><img decoding=\"async\" loading=\"lazy\" class=\"size-medium wp-image-126 alignright\" style=\"border-image: initial; margin-left: 10px; margin-right: 10px; border-width: 5px; border-color: black; border-style: solid;\" title=\"Erik, 28\" src=\"http:\/\/afrika.ontheroadagain.se\/wp-content\/uploads\/2011\/02\/IMGP2713-300x199.jpg\" alt=\"\" width=\"300\" height=\"199\" srcset=\"https:\/\/afrika.ontheroadagain.se\/wp-content\/uploads\/2011\/02\/IMGP2713-300x199.jpg 300w, https:\/\/afrika.ontheroadagain.se\/wp-content\/uploads\/2011\/02\/IMGP2713-1024x680.jpg 1024w, https:\/\/afrika.ontheroadagain.se\/wp-content\/uploads\/2011\/02\/IMGP2713-451x300.jpg 451w\" sizes=\"(max-width: 300px) 100vw, 300px\" \/><\/a><\/strong><\/p>\n<p><strong>Erik<\/strong>\u00a0\u00e4r till vardags Customer Development Manager p\u00e5 ett elektronik-komponents-distributions-f\u00f6retag. Blev biten av <em>the Africa Bug<\/em> p\u00e5 en safariresa i Kenya med familjen f\u00f6r tio \u00e5r sedan. Vann Mats v\u00e4nskap efter att ha slagit denne i dataspelet Quake.<\/p>\n<p>&nbsp;<\/p>\n<p>&nbsp;<\/p>\n<p>&nbsp;<\/p>\n<p>&nbsp;<\/p>\n<p>&nbsp;<\/p>\n<p><strong><a href=\"http:\/\/afrika.ontheroadagain.se\/wp-content\/uploads\/2011\/02\/Sandra.jpg\"><img decoding=\"async\" loading=\"lazy\" class=\" wp-image-128 alignleft\" style=\"border-image: initial; margin-left: 10px; margin-right: 10px; border-width: 5px; border-color: black; border-style: solid;\" title=\"Sandra\" src=\"http:\/\/afrika.ontheroadagain.se\/wp-content\/uploads\/2011\/02\/Sandra-291x300.jpg\" alt=\"\" width=\"300\" height=\"309\" srcset=\"https:\/\/afrika.ontheroadagain.se\/wp-content\/uploads\/2011\/02\/Sandra-291x300.jpg 291w, https:\/\/afrika.ontheroadagain.se\/wp-content\/uploads\/2011\/02\/Sandra.jpg 622w\" sizes=\"(max-width: 300px) 100vw, 300px\" \/><\/a><strong>Sandra<\/strong>\u00a0<\/strong>studerar till civilingenj\u00f6r i design och produktframtagning p\u00e5 KTH och t\u00e4nkte vara klar precis lagom till avf\u00e4rd mot Afrika. F\u00f6r att slippa plugga brukar hon antigen spela volleyboll eller baka kakor. Inf\u00f6r resan har hon som uppdrag att l\u00e4ra sig att dricka Gin&amp;Tonic f\u00f6r att kunna h\u00e5lla malarian borta. L\u00e4rde k\u00e4nna Malin d\u00e5 de b\u00f6rjade i samma klass p\u00e5 KTH.<strong><br \/>\n<\/strong><br \/>\n<strong><\/strong><\/p>\n<p>&nbsp;<\/p>\n<p>&nbsp;<\/p>\n<p>&nbsp;<\/p>\n<p>&nbsp;<\/p>\n<p>&nbsp;<\/p>\n<p style=\"text-align: left;\"><strong><br \/>\n<\/strong><a style=\"text-align: left;\" href=\"http:\/\/afrika.ontheroadagain.se\/wp-content\/uploads\/2011\/02\/IMG_0616.jpg\"><img decoding=\"async\" loading=\"lazy\" class=\"wp-image-303 alignright\" style=\"border-image: initial; margin-left: 10px; margin-right: 10px; border-width: 5px; border-color: black; border-style: solid;\" title=\"IMG_0616\" src=\"http:\/\/afrika.ontheroadagain.se\/wp-content\/uploads\/2011\/02\/IMG_0616-225x300.jpg\" alt=\"\" width=\"300\" height=\"400\" srcset=\"https:\/\/afrika.ontheroadagain.se\/wp-content\/uploads\/2011\/02\/IMG_0616-225x300.jpg 225w, https:\/\/afrika.ontheroadagain.se\/wp-content\/uploads\/2011\/02\/IMG_0616.jpg 480w\" sizes=\"(max-width: 300px) 100vw, 300px\" \/><\/a>\u00a0<strong>Malin<\/strong>\u00a0\u00e4r v\u00e5r G\u00f6teborgska, som ocks\u00e5 t\u00e4nker bli klar civilingenj\u00f6r innan Afrika. \u00c4r den i s\u00e4llskapet som har mest erfarenhet av friluftsliv d\u00e5 hon seglat en del i sina dar. Under resan kommer hon vara ansvarig f\u00f6r att h\u00e5lla chokladf\u00f6rr\u00e5det fyllt. Fick upp \u00f6gonen f\u00f6r Erik under hennes nollning p\u00e5 KTH.<\/p>\n<p>&nbsp;<\/p>\n","protected":false},"excerpt":{"rendered":"<p>&nbsp; Dr\u00f6mmen om Afrika b\u00f6rjade ta form en av m\u00e5nga kv\u00e4llar p\u00e5 en balkong i Lund, d\u00e4r barndomsv\u00e4nnerna Mats och Erik f\u00f6r tillf\u00e4llet studerade. Det \u00e4r nu n\u00e5gra \u00e5r sen dess och de tv\u00e5 v\u00e4nnerna har p\u00e5 v\u00e4gen lyckats flytta hem till Stockholm och g\u00f6ra ett f\u00f6rs\u00f6k att bila ner till Kapstaden (2009), men d\u00e5 [&hellip;]<\/p>\n","protected":false},"author":1,"featured_media":0,"parent":0,"menu_order":1,"comment_status":"closed","ping_status":"closed","template":"omoss.php","meta":[],"_links":{"self":[{"href":"https:\/\/afrika.ontheroadagain.se\/index.php?rest_route=\/wp\/v2\/pages\/29"}],"collection":[{"href":"https:\/\/afrika.ontheroadagain.se\/index.php?rest_route=\/wp\/v2\/pages"}],"about":[{"href":"https:\/\/afrika.ontheroadagain.se\/index.php?rest_route=\/wp\/v2\/types\/page"}],"author":[{"embeddable":true,"href":"https:\/\/afrika.ontheroadagain.se\/index.php?rest_route=\/wp\/v2\/users\/1"}],"replies":[{"embeddable":true,"href":"https:\/\/afrika.ontheroadagain.se\/index.php?rest_route=%2Fwp%2Fv2%2Fcomments&post=29"}],"version-history":[{"count":24,"href":"https:\/\/afrika.ontheroadagain.se\/index.php?rest_route=\/wp\/v2\/pages\/29\/revisions"}],"predecessor-version":[{"id":456,"href":"https:\/\/afrika.ontheroadagain.se\/index.php?rest_route=\/wp\/v2\/pages\/29\/revisions\/456"}],"wp:attachment":[{"href":"https:\/\/afrika.ontheroadagain.se\/index.php?rest_route=%2Fwp%2Fv2%2Fmedia&parent=29"}],"curies":[{"name":"wp","href":"https:\/\/api.w.org\/{rel}","templated":true}]}}