{"id":5,"date":"2010-08-03T19:34:27","date_gmt":"2010-08-03T19:34:27","guid":{"rendered":"http:\/\/nas\/wordpress\/?page_id=5"},"modified":"2012-05-17T06:45:06","modified_gmt":"2012-05-17T06:45:06","slug":"vehicle","status":"publish","type":"page","link":"https:\/\/afrika.ontheroadagain.se\/?page_id=5","title":{"rendered":"Bilen"},"content":{"rendered":"<div class=\"mceTemp\">H\u00e4r \u00e4r bilen som kommer bli v\u00e5rt hem n\u00e4sta sommar. Bilden till v\u00e4nster \u00e4r fr\u00e5n n\u00e4r bilen \u00e4r precis hemk\u00f6rd. Ganska hemskt skick. Fylld med hundh\u00e5r och blandat \u00e4ckel. Till h\u00f6ger \u00e4r precis innan avf\u00e4rd, efter en rent l\u00f6jlig m\u00e4ngd arbete.<\/div>\n<p><a href=\"http:\/\/afrika.ontheroadagain.se\/wp-content\/uploads\/2010\/08\/Capture.jpg\"><img decoding=\"async\" loading=\"lazy\" class=\"size-medium wp-image-212 alignleft\" title=\"Nyligen hemk\u00f6rd\" src=\"http:\/\/afrika.ontheroadagain.se\/wp-content\/uploads\/2010\/08\/Capture-300x203.jpg\" alt=\"\" width=\"300\" height=\"203\" \/><\/a><a href=\"http:\/\/afrika.ontheroadagain.se\/wp-content\/uploads\/2010\/08\/fixad.jpg\"><img decoding=\"async\" loading=\"lazy\" class=\"alignnone  wp-image-414\" title=\"fixad\" src=\"http:\/\/afrika.ontheroadagain.se\/wp-content\/uploads\/2010\/08\/fixad-300x224.jpg\" alt=\"\" width=\"270\" height=\"202\" srcset=\"https:\/\/afrika.ontheroadagain.se\/wp-content\/uploads\/2010\/08\/fixad-300x224.jpg 300w, https:\/\/afrika.ontheroadagain.se\/wp-content\/uploads\/2010\/08\/fixad-1024x764.jpg 1024w\" sizes=\"(max-width: 270px) 100vw, 270px\" \/><\/a><\/p>\n<div class=\"mceTemp\"><strong>M\u00e4rke:<\/strong> Land Rover<\/div>\n<div class=\"mceTemp\"><strong>Modell:<\/strong> Defender 110 (Utility Wagon)<\/div>\n<div class=\"mceTemp\">Bilen byggdes speciellt \u00e5t Automobile Association i England, syftet var att den skulle kunna \u00e5ka ut och r\u00e4dda andra fordon i n\u00f6d. D\u00e4rav den gula f\u00e4rgen (AA Yellow \u00e4r koden), winschen samt att bilen saknar rutor f\u00f6r lastutrymmet.<\/div>\n<div class=\"mceTemp\"><strong>\u00c5rsmodell:<\/strong> 1994<\/div>\n<div class=\"mceTemp\"><strong>Motor:<\/strong> 200TDi (fr\u00e5n b\u00f6rjan 300TDI)<\/div>\n<div class=\"mceTemp\"><strong>Alias:<\/strong> Gula Febern<\/div>\n<p>&nbsp;<\/p>\n<div class=\"mceTemp\">H\u00e4r nedan f\u00f6ljer en liten f\u00f6rteckning av det som gjorts med bilen och vad vi tar med oss p\u00e5 resan. Den \u00e4r l\u00e5ngt ifr\u00e5n komplett.<\/div>\n<p>&nbsp;<\/p>\n<div class=\"mceTemp\"><\/div>\n<div class=\"mceTemp\"><strong>Utrustning<\/strong><\/div>\n<div class=\"mceTemp\">4,5tons winsch fr\u00e5n SuperWinch<\/div>\n<div class=\"mceTemp\">Dubbla batterier<\/div>\n<div class=\"mceTemp\">Hemgjorda t\u00e4lt, l\u00e5dorna svetsade av 2,5cm fyrkantsbalk. Golv av tr\u00e4, duken sydd av tyg fr\u00e5n Shelby Extreme Materials.<\/div>\n<div class=\"mceTemp\">Stort kylsk\u00e5p, Engel. 24v fr\u00e5n lastbil, beh\u00f6vdes 12-&gt;;24 converter.<\/div>\n<div class=\"mceTemp\">Hi Lift jack monterad bak p\u00e5 takr\u00e4cket.<\/div>\n<div class=\"mceTemp\">T-Max split charge battery system, en enhet som ser till att vi alltid har ett av tv\u00e5 batterier fulladdat. Bra om kylen t\u00f6mmer AUX batteriet.<\/div>\n<p>&nbsp;<\/p>\n<div class=\"mceTemp\"><strong>Utsidan<\/strong><\/div>\n<div class=\"mceTemp\">Omlackad helt i AA yellow<\/div>\n<div class=\"mceTemp\">Nya dekaler (Defender 110, etc)<\/div>\n<div class=\"mceTemp\">Bull bar monterad med extraljus<\/div>\n<div class=\"mceTemp\">Nya st\u00e4nkskydd<\/div>\n<div class=\"mceTemp\">Chequer plates p\u00e5 flyglarna fram s\u00e5 att man kan kl\u00e4ttra upp p\u00e5 taket.<\/div>\n<div class=\"mceTemp\">Takr\u00e4cke byggt p\u00e5 basen av ett r\u00e4cke fr\u00e5n en Mercedes Sprinter (h\u00f6g modell)<\/div>\n<div class=\"mceTemp\">Sex extraljus, SIM 22cm diameter \u00e1 55W styck (positionsljus i samtliga)<\/div>\n<div class=\"mceTemp\">Solfilm p\u00e5 alla rutor utom framrutan<\/div>\n<p>&nbsp;<\/p>\n<div class=\"mceTemp\"><strong>Insidan<\/strong><\/div>\n<div class=\"mceTemp\">Ett par framstolar monterade bak, soffan togs bort och en del av innesk\u00e4rmarna skars ut.<\/div>\n<div class=\"mceTemp\">Ny kl\u00e4dsel f\u00f6r samtliga stolar k\u00f6pt fr\u00e5n England.<\/div>\n<div class=\"mceTemp\">2cm isolering i princip \u00f6verallt.<\/div>\n<div class=\"mceTemp\">Ett lager plywood p\u00e5 isoleringen.<\/div>\n<div class=\"mceTemp\">Bitumen p\u00e5 all plywood.<\/div>\n<div class=\"mceTemp\">L\u00e4der p\u00e5 v\u00e4ggarna bak samt omgjord instrumentpanel i l\u00e4der.<\/div>\n<div class=\"mceTemp\">LED lampor f\u00f6r belysning i baks\u00e4tena<\/div>\n<div class=\"mceTemp\">LED lampa i taket fram<\/div>\n<div class=\"mceTemp\">Lastgolv i samma niv\u00e5 som b\u00e4nkarna bak, tr\u00e4<\/div>\n<div class=\"mceTemp\">Gummimatta i lastutrymmet<\/div>\n<div class=\"mceTemp\">H\u00f6gtalare monterade i boxarna under framstolarna samt bakom bakstolarna.<\/div>\n<div class=\"mceTemp\">Slutsteg under f\u00f6rarstolen, ingen stereo att stj\u00e4la allts\u00e5<\/div>\n<div class=\"mceTemp\">Kontrollpanel f\u00f6r extraljus, stereo och backljus i cubby boxen i mitten fram<\/div>\n<div class=\"mceTemp\">Display f\u00f6r T-Max i samma box<\/div>\n<p>&nbsp;<\/p>\n<div class=\"mceTemp\"><strong>Mekaniskt<\/strong><\/div>\n<div class=\"mceTemp\">Elen i princip omdragen fr\u00e5n b\u00f6rjan<\/div>\n<div class=\"mceTemp\">Ny br\u00e4nsletank (80l)<\/div>\n<div class=\"mceTemp\">Nya d\u00f6rrhandtag till 3\/5 d\u00f6rrar<\/div>\n<div class=\"mceTemp\">Tv\u00e5 d\u00f6rrar utbytta<\/div>\n<div class=\"mceTemp\">Ny bakd\u00f6rr (safarid\u00f6rr ist\u00e4llet f\u00f6r pickuplucka)<\/div>\n<div class=\"mceTemp\">Nya golvmattor<\/div>\n<div class=\"mceTemp\">Nya reglage runt ratten f\u00f6r blinkers, ljus, tuta etc.<\/div>\n<div class=\"mceTemp\">Nya d\u00f6rrhandtag<\/div>\n<div class=\"mceTemp\">Ny kamrem samt sp\u00e4nnare<\/div>\n<div class=\"mceTemp\">Nya remmar och filter<\/div>\n<div class=\"mceTemp\">Ny f\u00f6nstermekanism<\/div>\n<div class=\"mceTemp\">Nya solenoider till winschen<\/div>\n<div class=\"mceTemp\">Alla slangkl\u00e4mmor bytta<\/div>\n<div class=\"mceTemp\">Ny grill<\/div>\n<div class=\"mceTemp\">Nya g\u00e5ngj\u00e4rn till samtliga d\u00f6rrar<\/div>\n<div class=\"mceTemp\">Nya slangar f\u00f6r kylv\u00e4tska<\/div>\n<div class=\"mceTemp\">Ny br\u00e4nslem\u00e4tare<\/div>\n<div class=\"mceTemp\">Ny huvudkopplingscylinder<\/div>\n<div class=\"mceTemp\">Ny kopplingsslavcylinder<\/div>\n<div class=\"mceTemp\">Ny kylare med oljekyl<\/div>\n<div class=\"mceTemp\">Ny vattenpump<\/div>\n<div class=\"mceTemp\">Ny termostat<\/div>\n<div class=\"mceTemp\">Nytt blinkrel\u00e4<\/div>\n<div class=\"mceTemp\">Nya dubbla tutor<\/div>\n<div class=\"mceTemp\">Ny lampor fram (halogen), blinkers, stoppljus, backljus<\/div>\n<div class=\"mceTemp\">Nya st\u00f6td\u00e4mpare (ProComp ES9000)<\/div>\n<div class=\"mceTemp\">Nya fj\u00e4drar (Britpart Heavy Duty)<\/div>\n<div class=\"mceTemp\">Bytt topplockspackning &#8211; sedan bytt topplock samt topplockspackning och bultar igen.<\/div>\n<div class=\"mceTemp\">Nya gl\u00f6dstift<\/div>\n<div class=\"mceTemp\">Ventiljustering (0,20mm)<\/div>\n<div class=\"mceTemp\">Isolering under motorhuven<\/div>\n<div class=\"mceTemp\">Samtliga lister utbytta<\/div>\n<div class=\"mceTemp\">Steering rack guard, aluminiumplatta som skyddar styrstagen<\/div>\n<div class=\"mceTemp\">Diff guard, metallkapsling f\u00f6r framdiffen<\/div>\n","protected":false},"excerpt":{"rendered":"<p>H\u00e4r \u00e4r bilen som kommer bli v\u00e5rt hem n\u00e4sta sommar. Bilden till v\u00e4nster \u00e4r fr\u00e5n n\u00e4r bilen \u00e4r precis hemk\u00f6rd. Ganska hemskt skick. Fylld med hundh\u00e5r och blandat \u00e4ckel. Till h\u00f6ger \u00e4r precis innan avf\u00e4rd, efter en rent l\u00f6jlig m\u00e4ngd arbete. M\u00e4rke: Land Rover Modell: Defender 110 (Utility Wagon) Bilen byggdes speciellt \u00e5t Automobile Association [&hellip;]<\/p>\n","protected":false},"author":1,"featured_media":0,"parent":0,"menu_order":2,"comment_status":"closed","ping_status":"closed","template":"omoss.php","meta":[],"_links":{"self":[{"href":"https:\/\/afrika.ontheroadagain.se\/index.php?rest_route=\/wp\/v2\/pages\/5"}],"collection":[{"href":"https:\/\/afrika.ontheroadagain.se\/index.php?rest_route=\/wp\/v2\/pages"}],"about":[{"href":"https:\/\/afrika.ontheroadagain.se\/index.php?rest_route=\/wp\/v2\/types\/page"}],"author":[{"embeddable":true,"href":"https:\/\/afrika.ontheroadagain.se\/index.php?rest_route=\/wp\/v2\/users\/1"}],"replies":[{"embeddable":true,"href":"https:\/\/afrika.ontheroadagain.se\/index.php?rest_route=%2Fwp%2Fv2%2Fcomments&post=5"}],"version-history":[{"count":20,"href":"https:\/\/afrika.ontheroadagain.se\/index.php?rest_route=\/wp\/v2\/pages\/5\/revisions"}],"predecessor-version":[{"id":415,"href":"https:\/\/afrika.ontheroadagain.se\/index.php?rest_route=\/wp\/v2\/pages\/5\/revisions\/415"}],"wp:attachment":[{"href":"https:\/\/afrika.ontheroadagain.se\/index.php?rest_route=%2Fwp%2Fv2%2Fmedia&parent=5"}],"curies":[{"name":"wp","href":"https:\/\/api.w.org\/{rel}","templated":true}]}}